{"id":94,"date":"2025-08-29T05:00:47","date_gmt":"2025-08-29T05:00:47","guid":{"rendered":"https:\/\/emjifloralstudio.com\/?post_type=product&#038;p=94"},"modified":"2025-10-12T09:26:59","modified_gmt":"2025-10-12T09:26:59","slug":"eternal-grace-duyen-dang-vinh-hang","status":"publish","type":"product","link":"https:\/\/emjifloralstudio.com\/index.php\/san-pham\/eternal-grace-duyen-dang-vinh-hang\/","title":{"rendered":"Eternal Grace \u2013 Duy\u00ean d\u00e1ng v\u0129nh h\u1eb1ng"},"content":{"rendered":"<p>B\u00f3 hoa mang th\u00f4ng \u0111i\u1ec7p c\u1ee7a s\u1ef1 b\u1ec1n l\u00e2u v\u00e0 t\u00ecnh y\u00eau b\u1ea5t di\u1ec7t. Nh\u1eefng \u0111\u00f3a hoa t\u01b0\u01a1i th\u1eafm \u0111\u01b0\u1ee3c k\u1ebft h\u1ee3p tinh t\u1ebf, t\u01b0\u1ee3ng tr\u01b0ng cho s\u1ef1 g\u1eafn b\u00f3 v\u0129nh c\u1eedu v\u00e0 ni\u1ec1m h\u1ea1nh ph\u00fac kh\u00f4ng phai.<\/p>\n","protected":false},"excerpt":{"rendered":"<p>B\u00f3 hoa mang th\u00f4ng \u0111i\u1ec7p c\u1ee7a s\u1ef1 b\u1ec1n l\u00e2u v\u00e0 t\u00ecnh y\u00eau b\u1ea5t di\u1ec7t. Nh\u1eefng \u0111\u00f3a hoa t\u01b0\u01a1i th\u1eafm \u0111\u01b0\u1ee3c k\u1ebft h\u1ee3p tinh t\u1ebf, t\u01b0\u1ee3ng tr\u01b0ng cho s\u1ef1 g\u1eafn b\u00f3 v\u0129nh c\u1eedu v\u00e0 ni\u1ec1m h\u1ea1nh ph\u00fac kh\u00f4ng phai.<\/p>\n","protected":false},"featured_media":95,"comment_status":"open","ping_status":"closed","template":"","meta":[],"product_brand":[],"product_cat":[15],"product_tag":[],"class_list":{"0":"post-94","1":"product","2":"type-product","3":"status-publish","4":"has-post-thumbnail","6":"product_cat-chua-phan-loai","8":"first","9":"instock","10":"sale","11":"shipping-taxable","12":"purchasable","13":"product-type-simple"},"jetpack_sharing_enabled":true,"_links":{"self":[{"href":"https:\/\/emjifloralstudio.com\/index.php\/wp-json\/wp\/v2\/product\/94","targetHints":{"allow":["GET"]}}],"collection":[{"href":"https:\/\/emjifloralstudio.com\/index.php\/wp-json\/wp\/v2\/product"}],"about":[{"href":"https:\/\/emjifloralstudio.com\/index.php\/wp-json\/wp\/v2\/types\/product"}],"replies":[{"embeddable":true,"href":"https:\/\/emjifloralstudio.com\/index.php\/wp-json\/wp\/v2\/comments?post=94"}],"wp:featuredmedia":[{"embeddable":true,"href":"https:\/\/emjifloralstudio.com\/index.php\/wp-json\/wp\/v2\/media\/95"}],"wp:attachment":[{"href":"https:\/\/emjifloralstudio.com\/index.php\/wp-json\/wp\/v2\/media?parent=94"}],"wp:term":[{"taxonomy":"product_brand","embeddable":true,"href":"https:\/\/emjifloralstudio.com\/index.php\/wp-json\/wp\/v2\/product_brand?post=94"},{"taxonomy":"product_cat","embeddable":true,"href":"https:\/\/emjifloralstudio.com\/index.php\/wp-json\/wp\/v2\/product_cat?post=94"},{"taxonomy":"product_tag","embeddable":true,"href":"https:\/\/emjifloralstudio.com\/index.php\/wp-json\/wp\/v2\/product_tag?post=94"}],"curies":[{"name":"wp","href":"https:\/\/api.w.org\/{rel}","templated":true}]}}