{"id":92,"date":"2025-08-29T04:59:20","date_gmt":"2025-08-29T04:59:20","guid":{"rendered":"https:\/\/emjifloralstudio.com\/?post_type=product&#038;p=92"},"modified":"2025-10-12T09:56:52","modified_gmt":"2025-10-12T09:56:52","slug":"tender-heart-trai-tim-diu-dang","status":"publish","type":"product","link":"https:\/\/emjifloralstudio.com\/index.php\/san-pham\/tender-heart-trai-tim-diu-dang\/","title":{"rendered":"Tender Heart \u2013 Tr\u00e1i tim d\u1ecbu d\u00e0ng"},"content":{"rendered":"<p>B\u00f3 hoa \u0111\u01b0\u1ee3c ph\u1ed1i m\u00e0u nh\u1eb9 nh\u00e0ng, mang l\u1ea1i c\u1ea3m gi\u00e1c \u1ea5m \u00e1p v\u00e0 chan ch\u1ee9a y\u00eau th\u01b0\u01a1ng. M\u1ed7i c\u00e1nh hoa nh\u01b0 l\u1eddi th\u00ec th\u1ea7m ng\u1ecdt ng\u00e0o, thay b\u1ea1n g\u1eedi g\u1eafm s\u1ef1 quan t\u00e2m ch\u00e2n th\u00e0nh \u0111\u1ebfn ng\u01b0\u1eddi th\u01b0\u01a1ng.<\/p>\n","protected":false},"excerpt":{"rendered":"<p>B\u00f3 hoa \u0111\u01b0\u1ee3c ph\u1ed1i m\u00e0u nh\u1eb9 nh\u00e0ng, mang l\u1ea1i c\u1ea3m gi\u00e1c \u1ea5m \u00e1p v\u00e0 chan ch\u1ee9a y\u00eau th\u01b0\u01a1ng. M\u1ed7i c\u00e1nh hoa nh\u01b0 l\u1eddi th\u00ec th\u1ea7m ng\u1ecdt ng\u00e0o, thay b\u1ea1n g\u1eedi g\u1eafm s\u1ef1 quan t\u00e2m ch\u00e2n th\u00e0nh \u0111\u1ebfn ng\u01b0\u1eddi th\u01b0\u01a1ng.<\/p>\n","protected":false},"featured_media":97,"comment_status":"open","ping_status":"closed","template":"","meta":[],"product_brand":[],"product_cat":[15],"product_tag":[],"class_list":{"0":"post-92","1":"product","2":"type-product","3":"status-publish","4":"has-post-thumbnail","6":"product_cat-chua-phan-loai","8":"first","9":"instock","10":"shipping-taxable","11":"purchasable","12":"product-type-simple"},"jetpack_sharing_enabled":true,"_links":{"self":[{"href":"https:\/\/emjifloralstudio.com\/index.php\/wp-json\/wp\/v2\/product\/92","targetHints":{"allow":["GET"]}}],"collection":[{"href":"https:\/\/emjifloralstudio.com\/index.php\/wp-json\/wp\/v2\/product"}],"about":[{"href":"https:\/\/emjifloralstudio.com\/index.php\/wp-json\/wp\/v2\/types\/product"}],"replies":[{"embeddable":true,"href":"https:\/\/emjifloralstudio.com\/index.php\/wp-json\/wp\/v2\/comments?post=92"}],"wp:featuredmedia":[{"embeddable":true,"href":"https:\/\/emjifloralstudio.com\/index.php\/wp-json\/wp\/v2\/media\/97"}],"wp:attachment":[{"href":"https:\/\/emjifloralstudio.com\/index.php\/wp-json\/wp\/v2\/media?parent=92"}],"wp:term":[{"taxonomy":"product_brand","embeddable":true,"href":"https:\/\/emjifloralstudio.com\/index.php\/wp-json\/wp\/v2\/product_brand?post=92"},{"taxonomy":"product_cat","embeddable":true,"href":"https:\/\/emjifloralstudio.com\/index.php\/wp-json\/wp\/v2\/product_cat?post=92"},{"taxonomy":"product_tag","embeddable":true,"href":"https:\/\/emjifloralstudio.com\/index.php\/wp-json\/wp\/v2\/product_tag?post=92"}],"curies":[{"name":"wp","href":"https:\/\/api.w.org\/{rel}","templated":true}]}}