{"id":67,"date":"2025-08-28T04:59:41","date_gmt":"2025-08-28T04:59:41","guid":{"rendered":"https:\/\/emjifloralstudio.com\/?post_type=product&#038;p=67"},"modified":"2025-10-12T09:26:15","modified_gmt":"2025-10-12T09:26:15","slug":"majestic-bloom-doa-hoa-kieu-hanh","status":"publish","type":"product","link":"https:\/\/emjifloralstudio.com\/index.php\/san-pham\/majestic-bloom-doa-hoa-kieu-hanh\/","title":{"rendered":"Majestic Bloom \u2013 \u0110\u00f3a hoa ki\u00eau h\u00e3nh"},"content":{"rendered":"<table width=\"736\">\n<tbody>\n<tr>\n<td width=\"736\">M\u1ed7i c\u00e1nh hoa nh\u01b0 m\u1ed9t l\u1eddi kh\u1eb3ng \u0111\u1ecbnh v\u1ec1 s\u1ef1 qu\u00fd ph\u00e1i v\u00e0 b\u1ea3n l\u0129nh. \u0110\u00e2y l\u00e0 m\u00f3n qu\u00e0 ho\u00e0n h\u1ea3o \u0111\u1ec3 t\u00f4n vinh nh\u1eefng kho\u1ea3nh kh\u1eafc \u0111\u1eb7c bi\u1ec7t, g\u1eedi g\u1eafm s\u1ef1 ng\u01b0\u1ee1ng m\u1ed9 v\u00e0 tr\u00e2n tr\u1ecdng \u0111\u1ebfn ng\u01b0\u1eddi nh\u1eadn.<\/td>\n<\/tr>\n<\/tbody>\n<\/table>\n","protected":false},"excerpt":{"rendered":"<table width=\"736\">\n<tbody>\n<tr>\n<td width=\"736\">M\u1ed7i c\u00e1nh hoa nh\u01b0 m\u1ed9t l\u1eddi kh\u1eb3ng \u0111\u1ecbnh v\u1ec1 s\u1ef1 qu\u00fd ph\u00e1i v\u00e0 b\u1ea3n l\u0129nh. \u0110\u00e2y l\u00e0 m\u00f3n qu\u00e0 ho\u00e0n h\u1ea3o \u0111\u1ec3 t\u00f4n vinh nh\u1eefng kho\u1ea3nh kh\u1eafc \u0111\u1eb7c bi\u1ec7t, g\u1eedi g\u1eafm s\u1ef1 ng\u01b0\u1ee1ng m\u1ed9 v\u00e0 tr\u00e2n tr\u1ecdng \u0111\u1ebfn ng\u01b0\u1eddi nh\u1eadn.<\/td>\n<\/tr>\n<\/tbody>\n<\/table>\n","protected":false},"featured_media":68,"comment_status":"open","ping_status":"closed","template":"","meta":[],"product_brand":[],"product_cat":[15],"product_tag":[],"class_list":{"0":"post-67","1":"product","2":"type-product","3":"status-publish","4":"has-post-thumbnail","6":"product_cat-chua-phan-loai","8":"first","9":"instock","10":"shipping-taxable","11":"purchasable","12":"product-type-simple"},"jetpack_sharing_enabled":true,"_links":{"self":[{"href":"https:\/\/emjifloralstudio.com\/index.php\/wp-json\/wp\/v2\/product\/67","targetHints":{"allow":["GET"]}}],"collection":[{"href":"https:\/\/emjifloralstudio.com\/index.php\/wp-json\/wp\/v2\/product"}],"about":[{"href":"https:\/\/emjifloralstudio.com\/index.php\/wp-json\/wp\/v2\/types\/product"}],"replies":[{"embeddable":true,"href":"https:\/\/emjifloralstudio.com\/index.php\/wp-json\/wp\/v2\/comments?post=67"}],"wp:featuredmedia":[{"embeddable":true,"href":"https:\/\/emjifloralstudio.com\/index.php\/wp-json\/wp\/v2\/media\/68"}],"wp:attachment":[{"href":"https:\/\/emjifloralstudio.com\/index.php\/wp-json\/wp\/v2\/media?parent=67"}],"wp:term":[{"taxonomy":"product_brand","embeddable":true,"href":"https:\/\/emjifloralstudio.com\/index.php\/wp-json\/wp\/v2\/product_brand?post=67"},{"taxonomy":"product_cat","embeddable":true,"href":"https:\/\/emjifloralstudio.com\/index.php\/wp-json\/wp\/v2\/product_cat?post=67"},{"taxonomy":"product_tag","embeddable":true,"href":"https:\/\/emjifloralstudio.com\/index.php\/wp-json\/wp\/v2\/product_tag?post=67"}],"curies":[{"name":"wp","href":"https:\/\/api.w.org\/{rel}","templated":true}]}}